{"id":16660726550755,"date":"2022-10-19T09:02:07","date_gmt":"2022-10-19T07:02:07","guid":{"rendered":"https:\/\/www.weltderwunder.de\/the-print-magazine\/"},"modified":"2025-12-02T09:51:34","modified_gmt":"2025-12-02T08:51:34","slug":"the-print-magazine","status":"publish","type":"page","link":"https:\/\/www.weltderwunder.de\/en\/the-print-magazine\/","title":{"rendered":"The print magazine"},"content":{"rendered":"<div id=\"weltd-3142904660\" class=\"weltd-anfang-text-2 weltd-entity-placement\"><div id=\"traffective-ad-Mobile_Pos2\" style='display: none;' class=\"Mobile_Pos2\"><\/div><\/div>\t\t<div data-elementor-type=\"wp-page\" data-elementor-id=\"16660726550755\" class=\"elementor elementor-16660726550755 elementor-16660726485036\" data-elementor-settings=\"{&quot;element_pack_global_tooltip_width&quot;:{&quot;unit&quot;:&quot;px&quot;,&quot;size&quot;:&quot;&quot;,&quot;sizes&quot;:[]},&quot;element_pack_global_tooltip_width_tablet&quot;:{&quot;unit&quot;:&quot;px&quot;,&quot;size&quot;:&quot;&quot;,&quot;sizes&quot;:[]},&quot;element_pack_global_tooltip_width_mobile&quot;:{&quot;unit&quot;:&quot;px&quot;,&quot;size&quot;:&quot;&quot;,&quot;sizes&quot;:[]},&quot;element_pack_global_tooltip_padding&quot;:{&quot;unit&quot;:&quot;px&quot;,&quot;top&quot;:&quot;&quot;,&quot;right&quot;:&quot;&quot;,&quot;bottom&quot;:&quot;&quot;,&quot;left&quot;:&quot;&quot;,&quot;isLinked&quot;:true},&quot;element_pack_global_tooltip_padding_tablet&quot;:{&quot;unit&quot;:&quot;px&quot;,&quot;top&quot;:&quot;&quot;,&quot;right&quot;:&quot;&quot;,&quot;bottom&quot;:&quot;&quot;,&quot;left&quot;:&quot;&quot;,&quot;isLinked&quot;:true},&quot;element_pack_global_tooltip_padding_mobile&quot;:{&quot;unit&quot;:&quot;px&quot;,&quot;top&quot;:&quot;&quot;,&quot;right&quot;:&quot;&quot;,&quot;bottom&quot;:&quot;&quot;,&quot;left&quot;:&quot;&quot;,&quot;isLinked&quot;:true},&quot;element_pack_global_tooltip_border_radius&quot;:{&quot;unit&quot;:&quot;px&quot;,&quot;top&quot;:&quot;&quot;,&quot;right&quot;:&quot;&quot;,&quot;bottom&quot;:&quot;&quot;,&quot;left&quot;:&quot;&quot;,&quot;isLinked&quot;:true},&quot;element_pack_global_tooltip_border_radius_tablet&quot;:{&quot;unit&quot;:&quot;px&quot;,&quot;top&quot;:&quot;&quot;,&quot;right&quot;:&quot;&quot;,&quot;bottom&quot;:&quot;&quot;,&quot;left&quot;:&quot;&quot;,&quot;isLinked&quot;:true},&quot;element_pack_global_tooltip_border_radius_mobile&quot;:{&quot;unit&quot;:&quot;px&quot;,&quot;top&quot;:&quot;&quot;,&quot;right&quot;:&quot;&quot;,&quot;bottom&quot;:&quot;&quot;,&quot;left&quot;:&quot;&quot;,&quot;isLinked&quot;:true}}\" data-elementor-post-type=\"page\">\n\t\t\t\t<div class=\"elementor-element elementor-element-6a6eabf e-flex e-con-boxed e-con e-parent\" data-id=\"6a6eabf\" data-element_type=\"container\">\n\t\t\t\t\t<div class=\"e-con-inner\">\n\t\t\t\t<div class=\"elementor-element elementor-element-21ab603 elementor-widget elementor-widget-text-editor\" data-id=\"21ab603\" data-element_type=\"widget\" data-widget_type=\"text-editor.default\">\n\t\t\t\t<div class=\"elementor-widget-container\">\n\t\t\t\t\t\t\t\t\t<div class=\"elementor-element elementor-element-ab5557f elementor-widget elementor-widget-heading\" data-id=\"ab5557f\" data-element_type=\"widget\" data-widget_type=\"heading.default\"><div class=\"elementor-widget-container\"><h2 class=\"elementor-heading-title elementor-size-default\">Welt der Wunder Print-Magazin<\/h2><\/div><\/div>\t\t\t\t\t\t\t\t<\/div>\n\t\t\t\t<\/div>\n\t\t\t\t\t<\/div>\n\t\t\t\t<\/div>\n\t\t<div class=\"elementor-element elementor-element-95c8505 e-flex e-con-boxed e-con e-parent\" data-id=\"95c8505\" data-element_type=\"container\">\n\t\t\t\t\t<div class=\"e-con-inner\">\n\t\t<div class=\"elementor-element elementor-element-8d5aa1b e-con-full e-flex e-con e-child\" data-id=\"8d5aa1b\" data-element_type=\"container\">\n\t\t\t\t<div class=\"elementor-element elementor-element-9e3bd7e elementor-widget elementor-widget-image\" data-id=\"9e3bd7e\" data-element_type=\"widget\" data-widget_type=\"image.default\">\n\t\t\t\t<div class=\"elementor-widget-container\">\n\t\t\t\t\t\t\t\t\t\t\t\t\t\t\t\t<a href=\"http:\/\/www.bauer-plus.de\/wdw-unterseite\">\n\t\t\t\t\t\t\t<img fetchpriority=\"high\" decoding=\"async\" width=\"224\" height=\"300\" src=\"https:\/\/www.weltderwunder.de\/wp-content\/uploads\/2024\/01\/welt-der-wunder-print-magazin-ausgabe-januar-2024-224x300.jpg\" class=\"attachment-medium size-medium wp-image-16660726547503\" alt=\"\" srcset=\"https:\/\/www.weltderwunder.de\/wp-content\/uploads\/2024\/01\/welt-der-wunder-print-magazin-ausgabe-januar-2024-224x300.jpg 224w, https:\/\/www.weltderwunder.de\/wp-content\/uploads\/2024\/01\/welt-der-wunder-print-magazin-ausgabe-januar-2024-447x600.jpg 447w, https:\/\/www.weltderwunder.de\/wp-content\/uploads\/2024\/01\/welt-der-wunder-print-magazin-ausgabe-januar-2024.jpg 605w\" sizes=\"(max-width: 224px) 100vw, 224px\" \/>\t\t\t\t\t\t\t\t<\/a>\n\t\t\t\t\t\t\t\t\t\t\t\t\t\t\t<\/div>\n\t\t\t\t<\/div>\n\t\t\t\t<\/div>\n\t\t<div class=\"elementor-element elementor-element-c727175 e-con-full e-flex e-con e-child\" data-id=\"c727175\" data-element_type=\"container\">\n\t\t\t\t<div class=\"elementor-element elementor-element-f9cf387 elementor-widget__width-inherit elementor-widget elementor-widget-text-editor\" data-id=\"f9cf387\" data-element_type=\"widget\" data-widget_type=\"text-editor.default\">\n\t\t\t\t<div class=\"elementor-widget-container\">\n\t\t\t\t\t\t\t\t\tDas bekannte Wissensmagazin\u00a0<strong>Welt der Wunder<\/strong> gibt Ihnen im Abo jeden Monat faszinierende Einblicke in die Welt der Wissenschaft und Forschung. Welt der Wunder ist eine Zeitschrift, die sich in jedem Heft mit spannenden Themen aus den Bereichen der Forschung und Wissenschaft besch\u00e4ftigt.\t\t\t\t\t\t\t\t<\/div>\n\t\t\t\t<\/div>\n\t\t\t\t<\/div>\n\t\t\t\t\t<\/div>\n\t\t\t\t<\/div>\n\t\t<div class=\"elementor-element elementor-element-ab27d67 e-flex e-con-boxed e-con e-parent\" data-id=\"ab27d67\" data-element_type=\"container\">\n\t\t\t\t\t<div class=\"e-con-inner\">\n\t\t\t\t<div class=\"elementor-element elementor-element-e7ef783 elementor-widget elementor-widget-text-editor\" data-id=\"e7ef783\" data-element_type=\"widget\" data-widget_type=\"text-editor.default\">\n\t\t\t\t<div class=\"elementor-widget-container\">\n\t\t\t\t\t\t\t\t\t<p><div id=\"wpfp_daf0bba2cbbc6dcd3a74dab4fdbffae7\" data-item=\"{&quot;sources&quot;:[{&quot;src&quot;:&quot;https:\\\/\\\/www.weltderwunder.de\\\/wp-content\\\/uploads\\\/2024\\\/04\\\/Sammel_0401_2024.mp4&quot;,&quot;type&quot;:&quot;video\\\/mp4&quot;}],&quot;id&quot;:&quot;923&quot;,&quot;fv_title&quot;:&quot;Das Welt der Wunder Magazin 04\\\/24&quot;,&quot;splash&quot;:&quot;https:\\\/\\\/www.weltderwunder.de\\\/wp-content\\\/uploads\\\/2024\\\/04\\\/vlcsnap-2024-04-04-12h50m45s718.png&quot;}\" class=\"flowplayer no-brand is-splash is-paused skin-custom no-svg fp-slim fp-edgy bottom-fs has-caption\" data-button-rewind=\"1\" style=\"position:relative; max-width: 1920px; max-height: 1080px; \" data-ratio=\"0.5625\" data-fv_stats_data=\"{&quot;player_id&quot;:&quot;211&quot;,&quot;post_id&quot;:16660726550755}\">\n\t<div class=\"fp-ratio\" style=\"padding-top: 56.25%\"><\/div>\n\t<img decoding=\"async\" class=\"fp-splash\" alt=\"Das Welt der Wunder Magazin 04\/24\" src=\"https:\/\/www.weltderwunder.de\/wp-content\/uploads\/2024\/04\/vlcsnap-2024-04-04-12h50m45s718.png\" style=\"position:absolute;top:0;width:100%\" \/>\n\t<div class=\"fp-ui\"><noscript>Please enable JavaScript<\/noscript><div class=\"fp-play fp-visible\"><svg class=\"fp-play-sharp-fill\" xmlns=\"http:\/\/www.w3.org\/2000\/svg\" viewBox=\"0 0 100 100\"><defs><style>.fp-color-play{opacity:0.65;}.controlbutton{fill:#fff;}<\/style><\/defs><title>play-sharp-fill<\/title><path class=\"fp-color-play\" d=\"M49.9217-.078a50,50,0,1,0,50,50A50.0564,50.0564,0,0,0,49.9217-.078Z\"\/><polygon class=\"controlbutton\" points=\"73.601 50 37.968 70.573 37.968 29.427 73.601 50\" filter=\"url(#f1)\"\/><\/svg><\/div><div class=\"fp-preload\"><b><\/b><b><\/b><b><\/b><b><\/b><\/div><\/div>\n<div class='fvp-share-bar'><ul class=\"fvp-sharing\">\r\n    <li><a class=\"sharing-facebook\" href=\"https:\/\/www.facebook.com\/sharer\/sharer.php?u=https%3A%2F%2Fwww.weltderwunder.de%2Fen%2Fthe-print-magazine%2F\" target=\"_blank\"><\/a><\/li>\r\n    <li><a class=\"sharing-twitter\" href=\"https:\/\/twitter.com\/intent\/tweet?text=Welt+der+Wunder+&#038;url=https%3A%2F%2Fwww.weltderwunder.de%2Fen%2Fthe-print-magazine%2F\" target=\"_blank\"><\/a><\/li>\r\n    <li><a class=\"sharing-email\" href=\"mailto:?body=Sieh%20dir%20dieses%20Video%20von%20Welt%20der%20Wunder%20an.%3A%20https%3A%2F%2Fwww.weltderwunder.de%2Fen%2Fthe-print-magazine%2F\" target=\"_blank\"><\/a><\/li><\/ul><div><a class=\"sharing-link\" href=\"https:\/\/www.weltderwunder.de\/en\/the-print-magazine\/\" target=\"_blank\">Link<\/a><\/div><\/div>\n<\/div>\n<p class='fp-caption'>Das Welt der Wunder Magazin 04\/24<\/p><\/p><div id=\"weltd-3427738499\" class=\"weltd-mitte-text-2 weltd-entity-placement\"><div id=\"traffective-ad-Mobile_Pos3\" style='display: none;' class=\"Mobile_Pos3\"><\/div><\/div>\t\t\t\t\t\t\t\t<\/div>\n\t\t\t\t<\/div>\n\t\t\t\t\t<\/div>\n\t\t\t\t<\/div>\n\t\t<div class=\"elementor-element elementor-element-18c53de e-flex e-con-boxed e-con e-parent\" data-id=\"18c53de\" data-element_type=\"container\">\n\t\t\t\t\t<div class=\"e-con-inner\">\n\t\t\t\t<div class=\"elementor-element elementor-element-5f482da elementor-widget elementor-widget-spacer\" data-id=\"5f482da\" data-element_type=\"widget\" data-widget_type=\"spacer.default\">\n\t\t\t\t<div class=\"elementor-widget-container\">\n\t\t\t\t\t\t\t<div class=\"elementor-spacer\">\n\t\t\t<div class=\"elementor-spacer-inner\"><\/div>\n\t\t<\/div>\n\t\t\t\t\t\t<\/div>\n\t\t\t\t<\/div>\n\t\t\t\t\t<\/div>\n\t\t\t\t<\/div>\n\t\t<div class=\"elementor-element elementor-element-0564683 e-flex e-con-boxed e-con e-parent\" data-id=\"0564683\" data-element_type=\"container\">\n\t\t\t\t\t<div class=\"e-con-inner\">\n\t\t\t\t<div class=\"elementor-element elementor-element-2ac8a07 elementor-widget elementor-widget-spacer\" data-id=\"2ac8a07\" data-element_type=\"widget\" data-widget_type=\"spacer.default\">\n\t\t\t\t<div class=\"elementor-widget-container\">\n\t\t\t\t\t\t\t<div class=\"elementor-spacer\">\n\t\t\t<div class=\"elementor-spacer-inner\"><\/div>\n\t\t<\/div>\n\t\t\t\t\t\t<\/div>\n\t\t\t\t<\/div>\n\t\t\t\t\t<\/div>\n\t\t\t\t<\/div>\n\t\t<div class=\"elementor-element elementor-element-2b378e3 e-flex e-con-boxed e-con e-parent\" data-id=\"2b378e3\" data-element_type=\"container\">\n\t\t\t\t\t<div class=\"e-con-inner\">\n\t\t\t\t<div class=\"elementor-element elementor-element-79f9467 elementor-widget elementor-widget-text-editor\" data-id=\"79f9467\" data-element_type=\"widget\" data-widget_type=\"text-editor.default\">\n\t\t\t\t<div class=\"elementor-widget-container\">\n\t\t\t\t\t\t\t\t\t<h2 style=\"text-align: center;\"><span style=\"color: #000000;\"><strong>F\u00fcr Fans<\/strong>\u00a0der popul\u00e4ren Wissenschaft, die komplexe Themen leicht verst\u00e4ndlich dargestellt haben m\u00f6chten.<\/span><\/h2>\t\t\t\t\t\t\t\t<\/div>\n\t\t\t\t<\/div>\n\t\t\t\t\t<\/div>\n\t\t\t\t<\/div>\n\t\t<div class=\"elementor-element elementor-element-16c6d15 e-flex e-con-boxed e-con e-parent\" data-id=\"16c6d15\" data-element_type=\"container\">\n\t\t\t\t\t<div class=\"e-con-inner\">\n\t\t<div class=\"elementor-element elementor-element-a866550 e-con-full e-flex e-con e-child\" data-id=\"a866550\" data-element_type=\"container\">\n\t\t\t\t<div class=\"elementor-element elementor-element-7153c67 elementor-widget elementor-widget-text-editor\" data-id=\"7153c67\" data-element_type=\"widget\" data-widget_type=\"text-editor.default\">\n\t\t\t\t<div class=\"elementor-widget-container\">\n\t\t\t\t\t\t\t\t\t<p>Kommen Sie mit <strong>Welt der Wunder<\/strong> auf eine Entdeckungstour in die interessantesten Bereiche der Wissenschaft. Das junge Magazin berichtet \u00fcber Natur, Medizin, Technik, Geschichte und Forschung. Abonnieren Sie einen fesselnden Lesespa\u00df \u00fcber beeindruckende Wissenschaften und lassen Sie sich komplexe Themen leicht verst\u00e4ndlich darstellen. welt der wunder deckt Mysterien der Weltgeschichte auf und n\u00e4hert sich den interessanten Fragen unserer Zeit auf eine unterhaltsame und gut verst\u00e4ndliche Weise ohne dabei den wissenschaftlichen Fokus zu verlieren.<\/p><div id=\"weltd-2477262917\" class=\"weltd-anfang-text weltd-entity-placement\" style=\"margin-left: auto;margin-right: auto;text-align: center;\"><div id=\"traffective-ad-Content_1\" style='display: none;' class=\"Content_1\"><\/div><\/div>\t\t\t\t\t\t\t\t<\/div>\n\t\t\t\t<\/div>\n\t\t\t\t<\/div>\n\t\t\t\t\t<\/div>\n\t\t\t\t<\/div>\n\t\t<div class=\"elementor-element elementor-element-fe7da7c e-flex e-con-boxed e-con e-parent\" data-id=\"fe7da7c\" data-element_type=\"container\">\n\t\t\t\t\t<div class=\"e-con-inner\">\n\t\t<div class=\"elementor-element elementor-element-a7a68da e-con-full e-flex e-con e-child\" data-id=\"a7a68da\" data-element_type=\"container\">\n\t\t\t\t<div class=\"elementor-element elementor-element-ea80d38 elementor-align-center elementor-widget elementor-widget-button\" data-id=\"ea80d38\" data-element_type=\"widget\" data-widget_type=\"button.default\">\n\t\t\t\t<div class=\"elementor-widget-container\">\n\t\t\t\t\t\t\t\t\t<div class=\"elementor-button-wrapper\">\n\t\t\t\t\t<a class=\"elementor-button elementor-button-link elementor-size-md\" href=\"https:\/\/www.bauer-plus.de\/welt-der-wunder\/?subscriptionType=PRESENT\">\n\t\t\t\t\t\t<span class=\"elementor-button-content-wrapper\">\n\t\t\t\t\t\t\t\t\t<span class=\"elementor-button-text\">Vermarktung \u00fcber Bauer Verlag<\/span>\n\t\t\t\t\t<\/span>\n\t\t\t\t\t<\/a>\n\t\t\t\t<\/div>\n\t\t\t\t\t\t\t\t<\/div>\n\t\t\t\t<\/div>\n\t\t\t\t<div class=\"elementor-element elementor-element-15bc1d2 elementor-widget elementor-widget-text-editor\" data-id=\"15bc1d2\" data-element_type=\"widget\" data-widget_type=\"text-editor.default\">\n\t\t\t\t<div class=\"elementor-widget-container\">\n\t\t\t\t\t\t\t\t\t<div class=\"elementor-element elementor-element-cc9a6ce elementor-widget__width-auto elementor-widget-mobile__width-inherit elementor-mobile-align-justify elementor-widget elementor-widget-button\" data-id=\"cc9a6ce\" data-element_type=\"widget\" data-widget_type=\"button.default\"><div class=\"elementor-widget-container\"><div>\u00a0<\/div><div class=\"elementor-button-wrapper\" style=\"text-align: center;\">Erscheinungsweise: monatlich<\/div><div>\u00a0<\/div><div class=\"elementor-button-wrapper\" style=\"text-align: center;\">Copy-Preis: <strong>4,50 \u20ac<\/strong><\/div><\/div><\/div>\t\t\t\t\t\t\t\t<\/div>\n\t\t\t\t<\/div>\n\t\t\t\t<\/div>\n\t\t<div class=\"elementor-element elementor-element-64e08c7 e-con-full e-flex e-con e-child\" data-id=\"64e08c7\" data-element_type=\"container\">\n\t\t\t\t<div class=\"elementor-element elementor-element-4b0fc1f elementor-widget elementor-widget-image\" data-id=\"4b0fc1f\" data-element_type=\"widget\" data-widget_type=\"image.default\">\n\t\t\t\t<div class=\"elementor-widget-container\">\n\t\t\t\t\t\t\t\t\t\t\t\t\t\t\t<img decoding=\"async\" src=\"https:\/\/www.weltderwunder.de\/wp-content\/uploads\/2022\/10\/welt-der-wunder-magazin-november-2022-scaled.jpg-scaled-1.jpg\" title=\"\" alt=\"\" loading=\"lazy\" \/>\t\t\t\t\t\t\t\t\t\t\t\t\t\t\t<\/div>\n\t\t\t\t<\/div>\n\t\t\t\t<\/div>\n\t\t\t\t\t<\/div>\n\t\t\t\t<\/div>\n\t\t\t\t<\/div>\n\t\t","protected":false},"excerpt":{"rendered":"<p>Welt der Wunder Print-Magazin Das bekannte Wissensmagazin\u00a0Welt der Wunder gibt Ihnen im Abo jeden Monat&#8230;<\/p>\n","protected":false},"author":1,"featured_media":16660726549095,"parent":0,"menu_order":0,"comment_status":"closed","ping_status":"closed","template":"","meta":{"MSN_Categories":"Uncategorized","MSN_Publish_Option":false,"MSN_Is_Local_News":false,"MSN_Is_AIAC_Included":"Empty","MSN_Location":"[]","MSN_Add_Feature_Img_On_Top_Of_Post":false,"MSN_Has_Custom_Author":false,"MSN_Custom_Author":"","MSN_Has_Custom_Canonical_Url":false,"MSN_Custom_Canonical_Url":"","footnotes":""},"class_list":["post-16660726550755","page","type-page","status-publish","has-post-thumbnail","hentry"],"yoast_head":"<!-- This site is optimized with the Yoast SEO plugin v27.3 - https:\/\/yoast.com\/product\/yoast-seo-wordpress\/ -->\n<title>The print magazine - Welt der Wunder<\/title>\n<meta name=\"description\" content=\"The well-known science magazine Welt der Wunder offers fascinating insights into the world of science and research.\" \/>\n<meta name=\"robots\" content=\"index, follow, max-snippet:-1, max-image-preview:large, max-video-preview:-1\" \/>\n<link rel=\"canonical\" href=\"https:\/\/www.weltderwunder.de\/en\/the-print-magazine\/\" \/>\n<meta property=\"og:locale\" content=\"en_US\" \/>\n<meta property=\"og:type\" content=\"article\" \/>\n<meta property=\"og:title\" content=\"The print magazine - Welt der Wunder\" \/>\n<meta property=\"og:description\" content=\"The well-known science magazine Welt der Wunder offers fascinating insights into the world of science and research.\" \/>\n<meta property=\"og:url\" content=\"https:\/\/www.weltderwunder.de\/en\/the-print-magazine\/\" \/>\n<meta property=\"og:site_name\" content=\"Welt der Wunder\" \/>\n<meta property=\"article:publisher\" content=\"https:\/\/www.facebook.com\/weltderwunder\/\" \/>\n<meta property=\"article:modified_time\" content=\"2025-12-02T08:51:34+00:00\" \/>\n<meta property=\"og:image\" content=\"https:\/\/www.weltderwunder.de\/wp-content\/uploads\/2024\/04\/vlcsnap-2024-04-04-12h50m45s718.png\" \/>\n\t<meta property=\"og:image:width\" content=\"1920\" \/>\n\t<meta property=\"og:image:height\" content=\"1080\" \/>\n\t<meta property=\"og:image:type\" content=\"image\/png\" \/>\n<meta name=\"twitter:card\" content=\"summary_large_image\" \/>\n<meta name=\"twitter:site\" content=\"@weltderwunder\" \/>\n<meta name=\"twitter:label1\" content=\"Est. reading time\" \/>\n\t<meta name=\"twitter:data1\" content=\"2 minutes\" \/>\n<script type=\"application\/ld+json\" class=\"yoast-schema-graph\">{\"@context\":\"https:\\\/\\\/schema.org\",\"@graph\":[{\"@type\":\"WebPage\",\"@id\":\"https:\\\/\\\/www.weltderwunder.de\\\/en\\\/the-print-magazine\\\/\",\"url\":\"https:\\\/\\\/www.weltderwunder.de\\\/en\\\/the-print-magazine\\\/\",\"name\":\"The print magazine - Welt der Wunder\",\"isPartOf\":{\"@id\":\"https:\\\/\\\/www.weltderwunder.de\\\/en\\\/#website\"},\"primaryImageOfPage\":{\"@id\":\"https:\\\/\\\/www.weltderwunder.de\\\/en\\\/the-print-magazine\\\/#primaryimage\"},\"image\":{\"@id\":\"https:\\\/\\\/www.weltderwunder.de\\\/en\\\/the-print-magazine\\\/#primaryimage\"},\"thumbnailUrl\":\"https:\\\/\\\/www.weltderwunder.de\\\/wp-content\\\/uploads\\\/2024\\\/04\\\/vlcsnap-2024-04-04-12h50m45s718.png\",\"datePublished\":\"2022-10-19T07:02:07+00:00\",\"dateModified\":\"2025-12-02T08:51:34+00:00\",\"description\":\"The well-known science magazine Welt der Wunder offers fascinating insights into the world of science and research.\",\"breadcrumb\":{\"@id\":\"https:\\\/\\\/www.weltderwunder.de\\\/en\\\/the-print-magazine\\\/#breadcrumb\"},\"inLanguage\":\"en-US\",\"potentialAction\":[{\"@type\":\"ReadAction\",\"target\":[\"https:\\\/\\\/www.weltderwunder.de\\\/en\\\/the-print-magazine\\\/\"]}]},{\"@type\":\"ImageObject\",\"inLanguage\":\"en-US\",\"@id\":\"https:\\\/\\\/www.weltderwunder.de\\\/en\\\/the-print-magazine\\\/#primaryimage\",\"url\":\"https:\\\/\\\/www.weltderwunder.de\\\/wp-content\\\/uploads\\\/2024\\\/04\\\/vlcsnap-2024-04-04-12h50m45s718.png\",\"contentUrl\":\"https:\\\/\\\/www.weltderwunder.de\\\/wp-content\\\/uploads\\\/2024\\\/04\\\/vlcsnap-2024-04-04-12h50m45s718.png\",\"width\":1920,\"height\":1080,\"caption\":\"Heft ARPIL 2024\"},{\"@type\":\"BreadcrumbList\",\"@id\":\"https:\\\/\\\/www.weltderwunder.de\\\/en\\\/the-print-magazine\\\/#breadcrumb\",\"itemListElement\":[{\"@type\":\"ListItem\",\"position\":1,\"name\":\"Startseite\",\"item\":\"https:\\\/\\\/www.weltderwunder.de\\\/en\\\/world-of-miracles-dont-believe-but-know\\\/\"},{\"@type\":\"ListItem\",\"position\":2,\"name\":\"The print magazine\"}]},{\"@type\":\"WebSite\",\"@id\":\"https:\\\/\\\/www.weltderwunder.de\\\/en\\\/#website\",\"url\":\"https:\\\/\\\/www.weltderwunder.de\\\/en\\\/\",\"name\":\"Welt der Wunder\",\"description\":\"Nicht glauben, sondern wissen\",\"publisher\":{\"@id\":\"https:\\\/\\\/www.weltderwunder.de\\\/en\\\/#organization\"},\"potentialAction\":[{\"@type\":\"SearchAction\",\"target\":{\"@type\":\"EntryPoint\",\"urlTemplate\":\"https:\\\/\\\/www.weltderwunder.de\\\/en\\\/?s={search_term_string}\"},\"query-input\":{\"@type\":\"PropertyValueSpecification\",\"valueRequired\":true,\"valueName\":\"search_term_string\"}}],\"inLanguage\":\"en-US\"},{\"@type\":\"Organization\",\"@id\":\"https:\\\/\\\/www.weltderwunder.de\\\/en\\\/#organization\",\"name\":\"Welt der Wunder Sendebetrieb GmbH\",\"url\":\"https:\\\/\\\/www.weltderwunder.de\\\/en\\\/\",\"logo\":{\"@type\":\"ImageObject\",\"inLanguage\":\"en-US\",\"@id\":\"https:\\\/\\\/www.weltderwunder.de\\\/en\\\/#\\\/schema\\\/logo\\\/image\\\/\",\"url\":\"https:\\\/\\\/www.weltderwunder.de\\\/wp-content\\\/uploads\\\/2025\\\/01\\\/cropped-wdw4-8_web1.jpg\",\"contentUrl\":\"https:\\\/\\\/www.weltderwunder.de\\\/wp-content\\\/uploads\\\/2025\\\/01\\\/cropped-wdw4-8_web1.jpg\",\"width\":1900,\"height\":1123,\"caption\":\"Welt der Wunder Sendebetrieb GmbH\"},\"image\":{\"@id\":\"https:\\\/\\\/www.weltderwunder.de\\\/en\\\/#\\\/schema\\\/logo\\\/image\\\/\"},\"sameAs\":[\"https:\\\/\\\/www.facebook.com\\\/weltderwunder\\\/\",\"https:\\\/\\\/x.com\\\/weltderwunder\",\"https:\\\/\\\/www.instagram.com\\\/weltderwunder_official\\\/\",\"https:\\\/\\\/www.youtube.com\\\/user\\\/WeltderWunder\"]}]}<\/script>\n<!-- \/ Yoast SEO plugin. -->","yoast_head_json":{"title":"The print magazine - Welt der Wunder","description":"The well-known science magazine Welt der Wunder offers fascinating insights into the world of science and research.","robots":{"index":"index","follow":"follow","max-snippet":"max-snippet:-1","max-image-preview":"max-image-preview:large","max-video-preview":"max-video-preview:-1"},"canonical":"https:\/\/www.weltderwunder.de\/en\/the-print-magazine\/","og_locale":"en_US","og_type":"article","og_title":"The print magazine - Welt der Wunder","og_description":"The well-known science magazine Welt der Wunder offers fascinating insights into the world of science and research.","og_url":"https:\/\/www.weltderwunder.de\/en\/the-print-magazine\/","og_site_name":"Welt der Wunder","article_publisher":"https:\/\/www.facebook.com\/weltderwunder\/","article_modified_time":"2025-12-02T08:51:34+00:00","og_image":[{"width":1920,"height":1080,"url":"https:\/\/www.weltderwunder.de\/wp-content\/uploads\/2024\/04\/vlcsnap-2024-04-04-12h50m45s718.png","type":"image\/png"}],"twitter_card":"summary_large_image","twitter_site":"@weltderwunder","twitter_misc":{"Est. reading time":"2 minutes"},"schema":{"@context":"https:\/\/schema.org","@graph":[{"@type":"WebPage","@id":"https:\/\/www.weltderwunder.de\/en\/the-print-magazine\/","url":"https:\/\/www.weltderwunder.de\/en\/the-print-magazine\/","name":"The print magazine - Welt der Wunder","isPartOf":{"@id":"https:\/\/www.weltderwunder.de\/en\/#website"},"primaryImageOfPage":{"@id":"https:\/\/www.weltderwunder.de\/en\/the-print-magazine\/#primaryimage"},"image":{"@id":"https:\/\/www.weltderwunder.de\/en\/the-print-magazine\/#primaryimage"},"thumbnailUrl":"https:\/\/www.weltderwunder.de\/wp-content\/uploads\/2024\/04\/vlcsnap-2024-04-04-12h50m45s718.png","datePublished":"2022-10-19T07:02:07+00:00","dateModified":"2025-12-02T08:51:34+00:00","description":"The well-known science magazine Welt der Wunder offers fascinating insights into the world of science and research.","breadcrumb":{"@id":"https:\/\/www.weltderwunder.de\/en\/the-print-magazine\/#breadcrumb"},"inLanguage":"en-US","potentialAction":[{"@type":"ReadAction","target":["https:\/\/www.weltderwunder.de\/en\/the-print-magazine\/"]}]},{"@type":"ImageObject","inLanguage":"en-US","@id":"https:\/\/www.weltderwunder.de\/en\/the-print-magazine\/#primaryimage","url":"https:\/\/www.weltderwunder.de\/wp-content\/uploads\/2024\/04\/vlcsnap-2024-04-04-12h50m45s718.png","contentUrl":"https:\/\/www.weltderwunder.de\/wp-content\/uploads\/2024\/04\/vlcsnap-2024-04-04-12h50m45s718.png","width":1920,"height":1080,"caption":"Heft ARPIL 2024"},{"@type":"BreadcrumbList","@id":"https:\/\/www.weltderwunder.de\/en\/the-print-magazine\/#breadcrumb","itemListElement":[{"@type":"ListItem","position":1,"name":"Startseite","item":"https:\/\/www.weltderwunder.de\/en\/world-of-miracles-dont-believe-but-know\/"},{"@type":"ListItem","position":2,"name":"The print magazine"}]},{"@type":"WebSite","@id":"https:\/\/www.weltderwunder.de\/en\/#website","url":"https:\/\/www.weltderwunder.de\/en\/","name":"Welt der Wunder","description":"Nicht glauben, sondern wissen","publisher":{"@id":"https:\/\/www.weltderwunder.de\/en\/#organization"},"potentialAction":[{"@type":"SearchAction","target":{"@type":"EntryPoint","urlTemplate":"https:\/\/www.weltderwunder.de\/en\/?s={search_term_string}"},"query-input":{"@type":"PropertyValueSpecification","valueRequired":true,"valueName":"search_term_string"}}],"inLanguage":"en-US"},{"@type":"Organization","@id":"https:\/\/www.weltderwunder.de\/en\/#organization","name":"Welt der Wunder Sendebetrieb GmbH","url":"https:\/\/www.weltderwunder.de\/en\/","logo":{"@type":"ImageObject","inLanguage":"en-US","@id":"https:\/\/www.weltderwunder.de\/en\/#\/schema\/logo\/image\/","url":"https:\/\/www.weltderwunder.de\/wp-content\/uploads\/2025\/01\/cropped-wdw4-8_web1.jpg","contentUrl":"https:\/\/www.weltderwunder.de\/wp-content\/uploads\/2025\/01\/cropped-wdw4-8_web1.jpg","width":1900,"height":1123,"caption":"Welt der Wunder Sendebetrieb GmbH"},"image":{"@id":"https:\/\/www.weltderwunder.de\/en\/#\/schema\/logo\/image\/"},"sameAs":["https:\/\/www.facebook.com\/weltderwunder\/","https:\/\/x.com\/weltderwunder","https:\/\/www.instagram.com\/weltderwunder_official\/","https:\/\/www.youtube.com\/user\/WeltderWunder"]}]}},"_links":{"self":[{"href":"https:\/\/www.weltderwunder.de\/en\/wp-json\/wp\/v2\/pages\/16660726550755","targetHints":{"allow":["GET"]}}],"collection":[{"href":"https:\/\/www.weltderwunder.de\/en\/wp-json\/wp\/v2\/pages"}],"about":[{"href":"https:\/\/www.weltderwunder.de\/en\/wp-json\/wp\/v2\/types\/page"}],"author":[{"embeddable":true,"href":"https:\/\/www.weltderwunder.de\/en\/wp-json\/wp\/v2\/users\/1"}],"replies":[{"embeddable":true,"href":"https:\/\/www.weltderwunder.de\/en\/wp-json\/wp\/v2\/comments?post=16660726550755"}],"version-history":[{"count":0,"href":"https:\/\/www.weltderwunder.de\/en\/wp-json\/wp\/v2\/pages\/16660726550755\/revisions"}],"wp:featuredmedia":[{"embeddable":true,"href":"https:\/\/www.weltderwunder.de\/en\/wp-json\/wp\/v2\/media\/16660726549095"}],"wp:attachment":[{"href":"https:\/\/www.weltderwunder.de\/en\/wp-json\/wp\/v2\/media?parent=16660726550755"}],"curies":[{"name":"wp","href":"https:\/\/api.w.org\/{rel}","templated":true}]}}