{"id":16660726550684,"date":"2024-02-27T14:06:31","date_gmt":"2024-02-27T13:06:31","guid":{"rendered":"https:\/\/www.weltderwunder.de\/metaverse-newsletter\/"},"modified":"2024-04-25T14:20:49","modified_gmt":"2024-04-25T12:20:49","slug":"metaverse-newsletter","status":"publish","type":"page","link":"https:\/\/www.weltderwunder.de\/en\/metaverse-newsletter\/","title":{"rendered":"Metaverse Newsletter"},"content":{"rendered":"<div id=\"weltd-2384308051\" class=\"weltd-anfang-text-2 weltd-entity-placement\"><div id=\"traffective-ad-Mobile_Pos2\" style='display: none;' class=\"Mobile_Pos2\"><\/div><\/div>\t\t<div data-elementor-type=\"wp-page\" data-elementor-id=\"16660726550684\" class=\"elementor elementor-16660726550684 elementor-16660726539525\" data-elementor-settings=\"{&quot;element_pack_global_tooltip_width&quot;:{&quot;unit&quot;:&quot;px&quot;,&quot;size&quot;:&quot;&quot;,&quot;sizes&quot;:[]},&quot;element_pack_global_tooltip_width_tablet&quot;:{&quot;unit&quot;:&quot;px&quot;,&quot;size&quot;:&quot;&quot;,&quot;sizes&quot;:[]},&quot;element_pack_global_tooltip_width_mobile&quot;:{&quot;unit&quot;:&quot;px&quot;,&quot;size&quot;:&quot;&quot;,&quot;sizes&quot;:[]},&quot;element_pack_global_tooltip_padding&quot;:{&quot;unit&quot;:&quot;px&quot;,&quot;top&quot;:&quot;&quot;,&quot;right&quot;:&quot;&quot;,&quot;bottom&quot;:&quot;&quot;,&quot;left&quot;:&quot;&quot;,&quot;isLinked&quot;:true},&quot;element_pack_global_tooltip_padding_tablet&quot;:{&quot;unit&quot;:&quot;px&quot;,&quot;top&quot;:&quot;&quot;,&quot;right&quot;:&quot;&quot;,&quot;bottom&quot;:&quot;&quot;,&quot;left&quot;:&quot;&quot;,&quot;isLinked&quot;:true},&quot;element_pack_global_tooltip_padding_mobile&quot;:{&quot;unit&quot;:&quot;px&quot;,&quot;top&quot;:&quot;&quot;,&quot;right&quot;:&quot;&quot;,&quot;bottom&quot;:&quot;&quot;,&quot;left&quot;:&quot;&quot;,&quot;isLinked&quot;:true},&quot;element_pack_global_tooltip_border_radius&quot;:{&quot;unit&quot;:&quot;px&quot;,&quot;top&quot;:&quot;&quot;,&quot;right&quot;:&quot;&quot;,&quot;bottom&quot;:&quot;&quot;,&quot;left&quot;:&quot;&quot;,&quot;isLinked&quot;:true},&quot;element_pack_global_tooltip_border_radius_tablet&quot;:{&quot;unit&quot;:&quot;px&quot;,&quot;top&quot;:&quot;&quot;,&quot;right&quot;:&quot;&quot;,&quot;bottom&quot;:&quot;&quot;,&quot;left&quot;:&quot;&quot;,&quot;isLinked&quot;:true},&quot;element_pack_global_tooltip_border_radius_mobile&quot;:{&quot;unit&quot;:&quot;px&quot;,&quot;top&quot;:&quot;&quot;,&quot;right&quot;:&quot;&quot;,&quot;bottom&quot;:&quot;&quot;,&quot;left&quot;:&quot;&quot;,&quot;isLinked&quot;:true}}\" data-elementor-post-type=\"page\">\n\t\t\t\t<div class=\"elementor-element elementor-element-6a6eabf e-flex e-con-boxed e-con e-parent\" data-id=\"6a6eabf\" data-element_type=\"container\">\n\t\t\t\t\t<div class=\"e-con-inner\">\n\t\t\t\t\t<\/div>\n\t\t\t\t<\/div>\n\t\t<div class=\"elementor-element elementor-element-95c8505 e-con-full e-flex e-con e-parent\" data-id=\"95c8505\" data-element_type=\"container\">\n\t\t\t\t<div class=\"elementor-element elementor-element-afa2a27 elementor-widget elementor-widget-image\" data-id=\"afa2a27\" data-element_type=\"widget\" data-widget_type=\"image.default\">\n\t\t\t\t<div class=\"elementor-widget-container\">\n\t\t\t\t\t\t\t\t\t\t\t\t\t\t\t<img fetchpriority=\"high\" decoding=\"async\" width=\"1410\" height=\"200\" src=\"https:\/\/www.weltderwunder.de\/wp-content\/uploads\/2024\/02\/milc-metaverse-newsletter-banner-milc-metaverse.png\" class=\"attachment-full size-full wp-image-16660726547572\" alt=\"\" srcset=\"https:\/\/www.weltderwunder.de\/wp-content\/uploads\/2024\/02\/milc-metaverse-newsletter-banner-milc-metaverse.png 1410w, https:\/\/www.weltderwunder.de\/wp-content\/uploads\/2024\/02\/milc-metaverse-newsletter-banner-milc-metaverse-1024x145.png 1024w, https:\/\/www.weltderwunder.de\/wp-content\/uploads\/2024\/02\/milc-metaverse-newsletter-banner-milc-metaverse-300x43.png 300w, https:\/\/www.weltderwunder.de\/wp-content\/uploads\/2024\/02\/milc-metaverse-newsletter-banner-milc-metaverse-768x109.png 768w, https:\/\/www.weltderwunder.de\/wp-content\/uploads\/2024\/02\/milc-metaverse-newsletter-banner-milc-metaverse-600x85.png 600w\" sizes=\"(max-width: 1410px) 100vw, 1410px\" \/>\t\t\t\t\t\t\t\t\t\t\t\t\t\t\t<\/div>\n\t\t\t\t<\/div>\n\t\t\t\t<\/div>\n\t\t<div class=\"elementor-element elementor-element-16c6d15 e-flex e-con-boxed e-con e-parent\" data-id=\"16c6d15\" data-element_type=\"container\">\n\t\t\t\t\t<div class=\"e-con-inner\">\n\t\t<div class=\"elementor-element elementor-element-a866550 e-con-full e-flex e-con e-child\" data-id=\"a866550\" data-element_type=\"container\">\n\t\t\t\t<div class=\"elementor-element elementor-element-7153c67 elementor-widget elementor-widget-text-editor\" data-id=\"7153c67\" data-element_type=\"widget\" data-widget_type=\"text-editor.default\">\n\t\t\t\t<div class=\"elementor-widget-container\">\n\t\t\t\t\t\t\t\t\t<p>Der Metaverse-Newsletter von <a href=\"https:\/\/www.milc.global\/\" target=\"_blank\" rel=\"noopener\"><span style=\"text-decoration: underline;\">MILC (Media Industry Licensing Content)<\/span><\/a> bietet die neuesten Schlagzeilen und Nachrichten aus den Bereichen Metaverse, Web 3 und KI. Von Szene-News \u00fcber Prognosen f\u00fcr zuk\u00fcnftige Entwicklungen bis hin zu aktuellen technischen Innovationen: Wer am Puls der Zeit bleiben will, sollte sich noch heute anmelden.<\/p><div id=\"weltd-584089994\" class=\"weltd-mitte-text-2 weltd-entity-placement\"><div id=\"traffective-ad-Mobile_Pos3\" style='display: none;' class=\"Mobile_Pos3\"><\/div><\/div>\t\t\t\t\t\t\t\t<\/div>\n\t\t\t\t<\/div>\n\t\t\t\t<\/div>\n\t\t\t\t\t<\/div>\n\t\t\t\t<\/div>\n\t\t<div class=\"elementor-element elementor-element-8725859 e-flex e-con-boxed e-con e-parent\" data-id=\"8725859\" data-element_type=\"container\">\n\t\t\t\t\t<div class=\"e-con-inner\">\n\t\t\t\t<div class=\"elementor-element elementor-element-ea34dc2 elementor-widget elementor-widget-html\" data-id=\"ea34dc2\" data-element_type=\"widget\" data-widget_type=\"html.default\">\n\t\t\t\t<div class=\"elementor-widget-container\">\n\t\t\t\t\t<div class=\"wp-block-button has-custom-width wp-block-button__width-100 has-custom-font-size newsletter-home-btn popmake-16660726539274\" style=\"font-size:17px\"><a class=\"wp-block-button__link has-white-color has-vivid-red-background-color has-text-color has-background has-link-color wp-element-button\" style=\"border-radius:0px\" rel=\"#\">F\u00fcr Metaverse-Newsletter registrieren<\/a><\/div>\t\t\t\t<\/div>\n\t\t\t\t<\/div>\n\t\t\t\t\t<\/div>\n\t\t\t\t<\/div>\n\t\t<div class=\"elementor-element elementor-element-dccb2d1 e-flex e-con-boxed e-con e-parent\" data-id=\"dccb2d1\" data-element_type=\"container\">\n\t\t\t\t\t<div class=\"e-con-inner\">\n\t\t\t\t<div class=\"elementor-element elementor-element-5e6f862 elementor-widget elementor-widget-image\" data-id=\"5e6f862\" data-element_type=\"widget\" data-widget_type=\"image.default\">\n\t\t\t\t<div class=\"elementor-widget-container\">\n\t\t\t\t\t\t\t\t\t\t\t\t\t\t\t<img decoding=\"async\" width=\"2560\" height=\"1440\" src=\"https:\/\/www.weltderwunder.de\/wp-content\/uploads\/2023\/11\/loading-page_business-island_2560-1440.png\" class=\"attachment-full size-full wp-image-16660726547517\" alt=\"Die Skyline des MILC Metaverse\" srcset=\"https:\/\/www.weltderwunder.de\/wp-content\/uploads\/2023\/11\/loading-page_business-island_2560-1440.png 2560w, https:\/\/www.weltderwunder.de\/wp-content\/uploads\/2023\/11\/loading-page_business-island_2560-1440-1536x864.png 1536w, https:\/\/www.weltderwunder.de\/wp-content\/uploads\/2023\/11\/loading-page_business-island_2560-1440-2048x1152.png 2048w, https:\/\/www.weltderwunder.de\/wp-content\/uploads\/2023\/11\/loading-page_business-island_2560-1440-1024x576.png 1024w, https:\/\/www.weltderwunder.de\/wp-content\/uploads\/2023\/11\/loading-page_business-island_2560-1440-300x169.png 300w, https:\/\/www.weltderwunder.de\/wp-content\/uploads\/2023\/11\/loading-page_business-island_2560-1440-768x432.png 768w, https:\/\/www.weltderwunder.de\/wp-content\/uploads\/2023\/11\/loading-page_business-island_2560-1440-600x338.png 600w\" sizes=\"(max-width: 2560px) 100vw, 2560px\" \/>\t\t\t\t\t\t\t\t\t\t\t\t\t\t\t<\/div>\n\t\t\t\t<\/div>\n\t\t\t\t\t<\/div>\n\t\t\t\t<\/div>\n\t\t\t\t<\/div>\n\t\t","protected":false},"excerpt":{"rendered":"<p>Der Metaverse-Newsletter von MILC (Media Industry Licensing Content) bietet die neuesten Schlagzeilen und Nachrichten aus&#8230;<\/p>\n","protected":false},"author":15,"featured_media":0,"parent":0,"menu_order":0,"comment_status":"closed","ping_status":"closed","template":"","meta":{"MSN_Categories":"Uncategorized","MSN_Publish_Option":false,"MSN_Is_Local_News":false,"MSN_Is_AIAC_Included":"Empty","MSN_Location":"[]","MSN_Add_Feature_Img_On_Top_Of_Post":false,"MSN_Has_Custom_Author":false,"MSN_Custom_Author":"","MSN_Has_Custom_Canonical_Url":false,"MSN_Custom_Canonical_Url":"","footnotes":""},"class_list":["post-16660726550684","page","type-page","status-publish","hentry"],"yoast_head":"<!-- This site is optimized with the Yoast SEO plugin v27.3 - https:\/\/yoast.com\/product\/yoast-seo-wordpress\/ -->\n<title>Metaverse Newsletter - Welt der Wunder<\/title>\n<meta name=\"description\" content=\"MILC&#039;s Metaverse newsletter provides the latest headlines and news from the Metaverse, Web 3 and AI sectors.\" \/>\n<meta name=\"robots\" content=\"index, follow, max-snippet:-1, max-image-preview:large, max-video-preview:-1\" \/>\n<link rel=\"canonical\" href=\"https:\/\/www.weltderwunder.de\/en\/metaverse-newsletter\/\" \/>\n<meta property=\"og:locale\" content=\"en_US\" \/>\n<meta property=\"og:type\" content=\"article\" \/>\n<meta property=\"og:title\" content=\"Metaverse Newsletter - Welt der Wunder\" \/>\n<meta property=\"og:description\" content=\"MILC&#039;s Metaverse newsletter provides the latest headlines and news from the Metaverse, Web 3 and AI sectors.\" \/>\n<meta property=\"og:url\" content=\"https:\/\/www.weltderwunder.de\/en\/metaverse-newsletter\/\" \/>\n<meta property=\"og:site_name\" content=\"Welt der Wunder\" \/>\n<meta property=\"article:publisher\" content=\"https:\/\/www.facebook.com\/weltderwunder\/\" \/>\n<meta property=\"article:modified_time\" content=\"2024-04-25T12:20:49+00:00\" \/>\n<meta property=\"og:image\" content=\"https:\/\/www.weltderwunder.de\/wp-content\/uploads\/2024\/02\/milc-metaverse-newsletter-banner-milc-metaverse.png\" \/>\n<meta name=\"twitter:card\" content=\"summary_large_image\" \/>\n<meta name=\"twitter:site\" content=\"@weltderwunder\" \/>\n<script type=\"application\/ld+json\" class=\"yoast-schema-graph\">{\"@context\":\"https:\\\/\\\/schema.org\",\"@graph\":[{\"@type\":\"WebPage\",\"@id\":\"https:\\\/\\\/www.weltderwunder.de\\\/en\\\/metaverse-newsletter\\\/\",\"url\":\"https:\\\/\\\/www.weltderwunder.de\\\/en\\\/metaverse-newsletter\\\/\",\"name\":\"Metaverse Newsletter - Welt der Wunder\",\"isPartOf\":{\"@id\":\"https:\\\/\\\/www.weltderwunder.de\\\/en\\\/#website\"},\"primaryImageOfPage\":{\"@id\":\"https:\\\/\\\/www.weltderwunder.de\\\/en\\\/metaverse-newsletter\\\/#primaryimage\"},\"image\":{\"@id\":\"https:\\\/\\\/www.weltderwunder.de\\\/en\\\/metaverse-newsletter\\\/#primaryimage\"},\"thumbnailUrl\":\"https:\\\/\\\/www.weltderwunder.de\\\/wp-content\\\/uploads\\\/2024\\\/02\\\/milc-metaverse-newsletter-banner-milc-metaverse.png\",\"datePublished\":\"2024-02-27T13:06:31+00:00\",\"dateModified\":\"2024-04-25T12:20:49+00:00\",\"description\":\"MILC's Metaverse newsletter provides the latest headlines and news from the Metaverse, Web 3 and AI sectors.\",\"breadcrumb\":{\"@id\":\"https:\\\/\\\/www.weltderwunder.de\\\/en\\\/metaverse-newsletter\\\/#breadcrumb\"},\"inLanguage\":\"en-US\",\"potentialAction\":[{\"@type\":\"ReadAction\",\"target\":[\"https:\\\/\\\/www.weltderwunder.de\\\/en\\\/metaverse-newsletter\\\/\"]}]},{\"@type\":\"ImageObject\",\"inLanguage\":\"en-US\",\"@id\":\"https:\\\/\\\/www.weltderwunder.de\\\/en\\\/metaverse-newsletter\\\/#primaryimage\",\"url\":\"https:\\\/\\\/www.weltderwunder.de\\\/wp-content\\\/uploads\\\/2024\\\/02\\\/milc-metaverse-newsletter-banner-milc-metaverse.png\",\"contentUrl\":\"https:\\\/\\\/www.weltderwunder.de\\\/wp-content\\\/uploads\\\/2024\\\/02\\\/milc-metaverse-newsletter-banner-milc-metaverse.png\"},{\"@type\":\"BreadcrumbList\",\"@id\":\"https:\\\/\\\/www.weltderwunder.de\\\/en\\\/metaverse-newsletter\\\/#breadcrumb\",\"itemListElement\":[{\"@type\":\"ListItem\",\"position\":1,\"name\":\"Startseite\",\"item\":\"https:\\\/\\\/www.weltderwunder.de\\\/en\\\/world-of-miracles-dont-believe-but-know\\\/\"},{\"@type\":\"ListItem\",\"position\":2,\"name\":\"Metaverse Newsletter\"}]},{\"@type\":\"WebSite\",\"@id\":\"https:\\\/\\\/www.weltderwunder.de\\\/en\\\/#website\",\"url\":\"https:\\\/\\\/www.weltderwunder.de\\\/en\\\/\",\"name\":\"Welt der Wunder\",\"description\":\"Nicht glauben, sondern wissen\",\"publisher\":{\"@id\":\"https:\\\/\\\/www.weltderwunder.de\\\/en\\\/#organization\"},\"potentialAction\":[{\"@type\":\"SearchAction\",\"target\":{\"@type\":\"EntryPoint\",\"urlTemplate\":\"https:\\\/\\\/www.weltderwunder.de\\\/en\\\/?s={search_term_string}\"},\"query-input\":{\"@type\":\"PropertyValueSpecification\",\"valueRequired\":true,\"valueName\":\"search_term_string\"}}],\"inLanguage\":\"en-US\"},{\"@type\":\"Organization\",\"@id\":\"https:\\\/\\\/www.weltderwunder.de\\\/en\\\/#organization\",\"name\":\"Welt der Wunder Sendebetrieb GmbH\",\"url\":\"https:\\\/\\\/www.weltderwunder.de\\\/en\\\/\",\"logo\":{\"@type\":\"ImageObject\",\"inLanguage\":\"en-US\",\"@id\":\"https:\\\/\\\/www.weltderwunder.de\\\/en\\\/#\\\/schema\\\/logo\\\/image\\\/\",\"url\":\"https:\\\/\\\/www.weltderwunder.de\\\/wp-content\\\/uploads\\\/2025\\\/01\\\/cropped-wdw4-8_web1.jpg\",\"contentUrl\":\"https:\\\/\\\/www.weltderwunder.de\\\/wp-content\\\/uploads\\\/2025\\\/01\\\/cropped-wdw4-8_web1.jpg\",\"width\":1900,\"height\":1123,\"caption\":\"Welt der Wunder Sendebetrieb GmbH\"},\"image\":{\"@id\":\"https:\\\/\\\/www.weltderwunder.de\\\/en\\\/#\\\/schema\\\/logo\\\/image\\\/\"},\"sameAs\":[\"https:\\\/\\\/www.facebook.com\\\/weltderwunder\\\/\",\"https:\\\/\\\/x.com\\\/weltderwunder\",\"https:\\\/\\\/www.instagram.com\\\/weltderwunder_official\\\/\",\"https:\\\/\\\/www.youtube.com\\\/user\\\/WeltderWunder\"]}]}<\/script>\n<!-- \/ Yoast SEO plugin. -->","yoast_head_json":{"title":"Metaverse Newsletter - Welt der Wunder","description":"MILC's Metaverse newsletter provides the latest headlines and news from the Metaverse, Web 3 and AI sectors.","robots":{"index":"index","follow":"follow","max-snippet":"max-snippet:-1","max-image-preview":"max-image-preview:large","max-video-preview":"max-video-preview:-1"},"canonical":"https:\/\/www.weltderwunder.de\/en\/metaverse-newsletter\/","og_locale":"en_US","og_type":"article","og_title":"Metaverse Newsletter - Welt der Wunder","og_description":"MILC's Metaverse newsletter provides the latest headlines and news from the Metaverse, Web 3 and AI sectors.","og_url":"https:\/\/www.weltderwunder.de\/en\/metaverse-newsletter\/","og_site_name":"Welt der Wunder","article_publisher":"https:\/\/www.facebook.com\/weltderwunder\/","article_modified_time":"2024-04-25T12:20:49+00:00","og_image":[{"url":"https:\/\/www.weltderwunder.de\/wp-content\/uploads\/2024\/02\/milc-metaverse-newsletter-banner-milc-metaverse.png","type":"","width":"","height":""}],"twitter_card":"summary_large_image","twitter_site":"@weltderwunder","schema":{"@context":"https:\/\/schema.org","@graph":[{"@type":"WebPage","@id":"https:\/\/www.weltderwunder.de\/en\/metaverse-newsletter\/","url":"https:\/\/www.weltderwunder.de\/en\/metaverse-newsletter\/","name":"Metaverse Newsletter - Welt der Wunder","isPartOf":{"@id":"https:\/\/www.weltderwunder.de\/en\/#website"},"primaryImageOfPage":{"@id":"https:\/\/www.weltderwunder.de\/en\/metaverse-newsletter\/#primaryimage"},"image":{"@id":"https:\/\/www.weltderwunder.de\/en\/metaverse-newsletter\/#primaryimage"},"thumbnailUrl":"https:\/\/www.weltderwunder.de\/wp-content\/uploads\/2024\/02\/milc-metaverse-newsletter-banner-milc-metaverse.png","datePublished":"2024-02-27T13:06:31+00:00","dateModified":"2024-04-25T12:20:49+00:00","description":"MILC's Metaverse newsletter provides the latest headlines and news from the Metaverse, Web 3 and AI sectors.","breadcrumb":{"@id":"https:\/\/www.weltderwunder.de\/en\/metaverse-newsletter\/#breadcrumb"},"inLanguage":"en-US","potentialAction":[{"@type":"ReadAction","target":["https:\/\/www.weltderwunder.de\/en\/metaverse-newsletter\/"]}]},{"@type":"ImageObject","inLanguage":"en-US","@id":"https:\/\/www.weltderwunder.de\/en\/metaverse-newsletter\/#primaryimage","url":"https:\/\/www.weltderwunder.de\/wp-content\/uploads\/2024\/02\/milc-metaverse-newsletter-banner-milc-metaverse.png","contentUrl":"https:\/\/www.weltderwunder.de\/wp-content\/uploads\/2024\/02\/milc-metaverse-newsletter-banner-milc-metaverse.png"},{"@type":"BreadcrumbList","@id":"https:\/\/www.weltderwunder.de\/en\/metaverse-newsletter\/#breadcrumb","itemListElement":[{"@type":"ListItem","position":1,"name":"Startseite","item":"https:\/\/www.weltderwunder.de\/en\/world-of-miracles-dont-believe-but-know\/"},{"@type":"ListItem","position":2,"name":"Metaverse Newsletter"}]},{"@type":"WebSite","@id":"https:\/\/www.weltderwunder.de\/en\/#website","url":"https:\/\/www.weltderwunder.de\/en\/","name":"Welt der Wunder","description":"Nicht glauben, sondern wissen","publisher":{"@id":"https:\/\/www.weltderwunder.de\/en\/#organization"},"potentialAction":[{"@type":"SearchAction","target":{"@type":"EntryPoint","urlTemplate":"https:\/\/www.weltderwunder.de\/en\/?s={search_term_string}"},"query-input":{"@type":"PropertyValueSpecification","valueRequired":true,"valueName":"search_term_string"}}],"inLanguage":"en-US"},{"@type":"Organization","@id":"https:\/\/www.weltderwunder.de\/en\/#organization","name":"Welt der Wunder Sendebetrieb GmbH","url":"https:\/\/www.weltderwunder.de\/en\/","logo":{"@type":"ImageObject","inLanguage":"en-US","@id":"https:\/\/www.weltderwunder.de\/en\/#\/schema\/logo\/image\/","url":"https:\/\/www.weltderwunder.de\/wp-content\/uploads\/2025\/01\/cropped-wdw4-8_web1.jpg","contentUrl":"https:\/\/www.weltderwunder.de\/wp-content\/uploads\/2025\/01\/cropped-wdw4-8_web1.jpg","width":1900,"height":1123,"caption":"Welt der Wunder Sendebetrieb GmbH"},"image":{"@id":"https:\/\/www.weltderwunder.de\/en\/#\/schema\/logo\/image\/"},"sameAs":["https:\/\/www.facebook.com\/weltderwunder\/","https:\/\/x.com\/weltderwunder","https:\/\/www.instagram.com\/weltderwunder_official\/","https:\/\/www.youtube.com\/user\/WeltderWunder"]}]}},"_links":{"self":[{"href":"https:\/\/www.weltderwunder.de\/en\/wp-json\/wp\/v2\/pages\/16660726550684","targetHints":{"allow":["GET"]}}],"collection":[{"href":"https:\/\/www.weltderwunder.de\/en\/wp-json\/wp\/v2\/pages"}],"about":[{"href":"https:\/\/www.weltderwunder.de\/en\/wp-json\/wp\/v2\/types\/page"}],"author":[{"embeddable":true,"href":"https:\/\/www.weltderwunder.de\/en\/wp-json\/wp\/v2\/users\/15"}],"replies":[{"embeddable":true,"href":"https:\/\/www.weltderwunder.de\/en\/wp-json\/wp\/v2\/comments?post=16660726550684"}],"version-history":[{"count":0,"href":"https:\/\/www.weltderwunder.de\/en\/wp-json\/wp\/v2\/pages\/16660726550684\/revisions"}],"wp:attachment":[{"href":"https:\/\/www.weltderwunder.de\/en\/wp-json\/wp\/v2\/media?parent=16660726550684"}],"curies":[{"name":"wp","href":"https:\/\/api.w.org\/{rel}","templated":true}]}}