{"id":16660726550650,"date":"2023-01-16T10:38:31","date_gmt":"2023-01-16T09:38:31","guid":{"rendered":"https:\/\/www.weltderwunder.de\/world-of-wonders-e-lab\/"},"modified":"2024-04-25T14:14:36","modified_gmt":"2024-04-25T12:14:36","slug":"world-of-wonders-e-lab","status":"publish","type":"page","link":"https:\/\/www.weltderwunder.de\/en\/world-of-wonders-e-lab\/","title":{"rendered":"World of Wonders e-lab"},"content":{"rendered":"<div id=\"weltd-2316169664\" class=\"weltd-anfang-text-2 weltd-entity-placement\"><div id=\"traffective-ad-Mobile_Pos2\" style='display: none;' class=\"Mobile_Pos2\"><\/div><\/div>\t\t<div data-elementor-type=\"wp-page\" data-elementor-id=\"16660726550650\" class=\"elementor elementor-16660726550650 elementor-16660726517452\" data-elementor-settings=\"{&quot;element_pack_global_tooltip_width&quot;:{&quot;unit&quot;:&quot;px&quot;,&quot;size&quot;:&quot;&quot;,&quot;sizes&quot;:[]},&quot;element_pack_global_tooltip_width_tablet&quot;:{&quot;unit&quot;:&quot;px&quot;,&quot;size&quot;:&quot;&quot;,&quot;sizes&quot;:[]},&quot;element_pack_global_tooltip_width_mobile&quot;:{&quot;unit&quot;:&quot;px&quot;,&quot;size&quot;:&quot;&quot;,&quot;sizes&quot;:[]},&quot;element_pack_global_tooltip_padding&quot;:{&quot;unit&quot;:&quot;px&quot;,&quot;top&quot;:&quot;&quot;,&quot;right&quot;:&quot;&quot;,&quot;bottom&quot;:&quot;&quot;,&quot;left&quot;:&quot;&quot;,&quot;isLinked&quot;:true},&quot;element_pack_global_tooltip_padding_tablet&quot;:{&quot;unit&quot;:&quot;px&quot;,&quot;top&quot;:&quot;&quot;,&quot;right&quot;:&quot;&quot;,&quot;bottom&quot;:&quot;&quot;,&quot;left&quot;:&quot;&quot;,&quot;isLinked&quot;:true},&quot;element_pack_global_tooltip_padding_mobile&quot;:{&quot;unit&quot;:&quot;px&quot;,&quot;top&quot;:&quot;&quot;,&quot;right&quot;:&quot;&quot;,&quot;bottom&quot;:&quot;&quot;,&quot;left&quot;:&quot;&quot;,&quot;isLinked&quot;:true},&quot;element_pack_global_tooltip_border_radius&quot;:{&quot;unit&quot;:&quot;px&quot;,&quot;top&quot;:&quot;&quot;,&quot;right&quot;:&quot;&quot;,&quot;bottom&quot;:&quot;&quot;,&quot;left&quot;:&quot;&quot;,&quot;isLinked&quot;:true},&quot;element_pack_global_tooltip_border_radius_tablet&quot;:{&quot;unit&quot;:&quot;px&quot;,&quot;top&quot;:&quot;&quot;,&quot;right&quot;:&quot;&quot;,&quot;bottom&quot;:&quot;&quot;,&quot;left&quot;:&quot;&quot;,&quot;isLinked&quot;:true},&quot;element_pack_global_tooltip_border_radius_mobile&quot;:{&quot;unit&quot;:&quot;px&quot;,&quot;top&quot;:&quot;&quot;,&quot;right&quot;:&quot;&quot;,&quot;bottom&quot;:&quot;&quot;,&quot;left&quot;:&quot;&quot;,&quot;isLinked&quot;:true}}\" data-elementor-post-type=\"page\">\n\t\t\t\t<div class=\"elementor-element elementor-element-8049d6e e-flex e-con-boxed e-con e-parent\" data-id=\"8049d6e\" data-element_type=\"container\">\n\t\t\t\t\t<div class=\"e-con-inner\">\n\t\t\t\t<div class=\"elementor-element elementor-element-22d97bf elementor-widget elementor-widget-text-editor\" data-id=\"22d97bf\" data-element_type=\"widget\" data-widget_type=\"text-editor.default\">\n\t\t\t\t<div class=\"elementor-widget-container\">\n\t\t\t\t\t\t\t\t\t<p><div id=\"wpfp_3e213b643b819c3b772554ef0b7f1ae0\" data-item=\"{&quot;sources&quot;:[{&quot;src&quot;:&quot;https:\\\/\\\/vz-9a685302-9e1.b-cdn.net\\\/fc697504-316e-41af-9e6c-208b4c78954e\\\/playlist.m3u8&quot;,&quot;type&quot;:&quot;application\\\/x-mpegurl&quot;}],&quot;id&quot;:&quot;843&quot;,&quot;fv_title&quot;:&quot;e-Lab by Welt der Wunder &quot;,&quot;splash&quot;:&quot;https:\\\/\\\/vz-9a685302-9e1.b-cdn.net\\\/fc697504-316e-41af-9e6c-208b4c78954e\\\/thumbnail.jpg&quot;}\" class=\"flowplayer no-brand is-splash is-paused skin-custom no-svg fp-slim fp-edgy bottom-fs has-caption\" data-button-rewind=\"1\" style=\"position:relative; max-width: 1280px; max-height: 720px; \" data-ratio=\"0.5625\" data-fv_stats_data=\"{&quot;player_id&quot;:&quot;184&quot;,&quot;post_id&quot;:16660726550650}\">\n\t<div class=\"fp-ratio\" style=\"padding-top: 56.25%\"><\/div>\n\t<img decoding=\"async\" class=\"fp-splash\" alt=\"e-Lab by Welt der Wunder\" src=\"https:\/\/vz-9a685302-9e1.b-cdn.net\/fc697504-316e-41af-9e6c-208b4c78954e\/thumbnail.jpg\" style=\"position:absolute;top:0;width:100%\" \/>\n\t<div class=\"fp-ui\"><noscript>Please enable JavaScript<\/noscript><div class=\"fp-play fp-visible\"><svg class=\"fp-play-sharp-fill\" xmlns=\"http:\/\/www.w3.org\/2000\/svg\" viewBox=\"0 0 100 100\"><defs><style>.fp-color-play{opacity:0.65;}.controlbutton{fill:#fff;}<\/style><\/defs><title>play-sharp-fill<\/title><path class=\"fp-color-play\" d=\"M49.9217-.078a50,50,0,1,0,50,50A50.0564,50.0564,0,0,0,49.9217-.078Z\"\/><polygon class=\"controlbutton\" points=\"73.601 50 37.968 70.573 37.968 29.427 73.601 50\" filter=\"url(#f1)\"\/><\/svg><\/div><div class=\"fp-preload\"><b><\/b><b><\/b><b><\/b><b><\/b><\/div><\/div>\n<div class='fvp-share-bar'><ul class=\"fvp-sharing\">\r\n    <li><a class=\"sharing-facebook\" href=\"https:\/\/www.facebook.com\/sharer\/sharer.php?u=https%3A%2F%2Fwww.weltderwunder.de%2Fen%2Fworld-of-wonders-e-lab%2F\" target=\"_blank\"><\/a><\/li>\r\n    <li><a class=\"sharing-twitter\" href=\"https:\/\/twitter.com\/intent\/tweet?text=Welt+der+Wunder+&#038;url=https%3A%2F%2Fwww.weltderwunder.de%2Fen%2Fworld-of-wonders-e-lab%2F\" target=\"_blank\"><\/a><\/li>\r\n    <li><a class=\"sharing-email\" href=\"mailto:?body=Sieh%20dir%20dieses%20Video%20von%20Welt%20der%20Wunder%20an.%3A%20https%3A%2F%2Fwww.weltderwunder.de%2Fen%2Fworld-of-wonders-e-lab%2F\" target=\"_blank\"><\/a><\/li><\/ul><div><a class=\"sharing-link\" href=\"https:\/\/www.weltderwunder.de\/en\/world-of-wonders-e-lab\/\" target=\"_blank\">Link<\/a><\/div><\/div>\n<\/div>\n<p class='fp-caption'>e-Lab by Welt der Wunder<\/p><\/p><div id=\"weltd-2808302819\" class=\"weltd-mitte-text-2 weltd-entity-placement\"><div id=\"traffective-ad-Mobile_Pos3\" style='display: none;' class=\"Mobile_Pos3\"><\/div><\/div>\t\t\t\t\t\t\t\t<\/div>\n\t\t\t\t<\/div>\n\t\t\t\t\t<\/div>\n\t\t\t\t<\/div>\n\t\t<div class=\"elementor-element elementor-element-079960b e-flex e-con-boxed e-con e-parent\" data-id=\"079960b\" data-element_type=\"container\">\n\t\t\t\t\t<div class=\"e-con-inner\">\n\t\t<div class=\"elementor-element elementor-element-ae656d2 e-con-full e-flex e-con e-parent\" data-id=\"ae656d2\" data-element_type=\"container\">\n\t\t\t\t<div class=\"elementor-element elementor-element-b5caee4 elementor-widget elementor-widget-image\" data-id=\"b5caee4\" data-element_type=\"widget\" data-widget_type=\"image.default\">\n\t\t\t\t<div class=\"elementor-widget-container\">\n\t\t\t\t\t\t\t\t\t\t\t\t\t\t\t<img fetchpriority=\"high\" decoding=\"async\" width=\"600\" height=\"282\" src=\"https:\/\/www.weltderwunder.de\/wp-content\/uploads\/2023\/01\/MicrosoftTeams-image-51-600x282.png\" class=\"attachment-large size-large wp-image-16660726544998\" alt=\"\" srcset=\"https:\/\/www.weltderwunder.de\/wp-content\/uploads\/2023\/01\/MicrosoftTeams-image-51-600x282.png 600w, https:\/\/www.weltderwunder.de\/wp-content\/uploads\/2023\/01\/MicrosoftTeams-image-51-1536x722.png 1536w, https:\/\/www.weltderwunder.de\/wp-content\/uploads\/2023\/01\/MicrosoftTeams-image-51-1024x481.png 1024w, https:\/\/www.weltderwunder.de\/wp-content\/uploads\/2023\/01\/MicrosoftTeams-image-51-300x141.png 300w, https:\/\/www.weltderwunder.de\/wp-content\/uploads\/2023\/01\/MicrosoftTeams-image-51-768x361.png 768w, https:\/\/www.weltderwunder.de\/wp-content\/uploads\/2023\/01\/MicrosoftTeams-image-51.png 2020w\" sizes=\"(max-width: 600px) 100vw, 600px\" \/>\t\t\t\t\t\t\t\t\t\t\t\t\t\t\t<\/div>\n\t\t\t\t<\/div>\n\t\t\t\t<\/div>\n\t\t<div class=\"elementor-element elementor-element-ddbb2ce e-con-full e-flex e-con e-parent\" data-id=\"ddbb2ce\" data-element_type=\"container\">\n\t\t\t\t<div class=\"elementor-element elementor-element-43da33c elementor-widget elementor-widget-text-editor\" data-id=\"43da33c\" data-element_type=\"widget\" data-widget_type=\"text-editor.default\">\n\t\t\t\t<div class=\"elementor-widget-container\">\n\t\t\t\t\t\t\t\t\t<p>Welt der Wunder e-Lab \u2013 ma\u00dfgeschneiderte, skalierbare Dienstleistungen im Bereich Entwicklung, Content und Marketing.<\/p><div id=\"weltd-2518835443\" class=\"weltd-anfang-text weltd-entity-placement\" style=\"margin-left: auto;margin-right: auto;text-align: center;\"><div id=\"traffective-ad-Content_1\" style='display: none;' class=\"Content_1\"><\/div><\/div>\n<p>Die Leistungen von Welt der Wunder e-Lab umfassen App-Entwicklung, Content-Erstellung und flexible Marketing-Services.<\/p>\n<p>Wir bieten ma\u00dfgeschneiderte L\u00f6sungen nach modernsten Standards. Die Grundlage f\u00fcr unsere Services bilden 15 Jahre Erfahrung. Welt der Wunder e-Lab ist der erste europ\u00e4ische Metaverse-Entwickler.<\/p>\n<p>Unsere Services schlie\u00dfen mehrsprachigen&nbsp;24-Stunden-Support mit ein. Sie&nbsp;sind DSGVO-konform mit Serverstandort Deutschland.<\/p>\t\t\t\t\t\t\t\t<\/div>\n\t\t\t\t<\/div>\n\t\t\t\t<\/div>\n\t\t\t\t\t<\/div>\n\t\t\t\t<\/div>\n\t\t<div class=\"elementor-element elementor-element-b7b6f95 e-flex e-con-boxed e-con e-parent\" data-id=\"b7b6f95\" data-element_type=\"container\">\n\t\t\t\t\t<div class=\"e-con-inner\">\n\t\t\t\t<div class=\"elementor-element elementor-element-38037a7 elementor-align-center elementor-widget elementor-widget-button\" data-id=\"38037a7\" data-element_type=\"widget\" data-widget_type=\"button.default\">\n\t\t\t\t<div class=\"elementor-widget-container\">\n\t\t\t\t\t\t\t\t\t<div class=\"elementor-button-wrapper\">\n\t\t\t\t\t<a class=\"elementor-button elementor-button-link elementor-size-md elementor-animation-grow\" href=\"https:\/\/www.e-lab.dev\/\">\n\t\t\t\t\t\t<span class=\"elementor-button-content-wrapper\">\n\t\t\t\t\t\t\t\t\t<span class=\"elementor-button-text\">Hier geht's zur Homepage<\/span>\n\t\t\t\t\t<\/span>\n\t\t\t\t\t<\/a>\n\t\t\t\t<\/div>\n\t\t\t\t\t\t\t\t<\/div>\n\t\t\t\t<\/div>\n\t\t\t\t<div class=\"elementor-element elementor-element-e6f0eda elementor-shape-rounded elementor-grid-0 e-grid-align-center elementor-widget elementor-widget-social-icons\" data-id=\"e6f0eda\" data-element_type=\"widget\" data-widget_type=\"social-icons.default\">\n\t\t\t\t<div class=\"elementor-widget-container\">\n\t\t\t\t\t\t\t<div class=\"elementor-social-icons-wrapper elementor-grid\">\n\t\t\t\t\t\t\t<span class=\"elementor-grid-item\">\n\t\t\t\t\t<a class=\"elementor-icon elementor-social-icon elementor-social-icon-linkedin elementor-repeater-item-73e4052\" href=\"https:\/\/www.linkedin.com\/company\/welt-der-wunder-e-lab\" target=\"_blank\">\n\t\t\t\t\t\t<span class=\"elementor-screen-only\">Linkedin<\/span>\n\t\t\t\t\t\t<i class=\"fab fa-linkedin\"><\/i>\t\t\t\t\t<\/a>\n\t\t\t\t<\/span>\n\t\t\t\t\t<\/div>\n\t\t\t\t\t\t<\/div>\n\t\t\t\t<\/div>\n\t\t\t\t\t<\/div>\n\t\t\t\t<\/div>\n\t\t\t\t<\/div>\n\t\t","protected":false},"excerpt":{"rendered":"<p>Welt der Wunder e-Lab \u2013 ma\u00dfgeschneiderte, skalierbare Dienstleistungen im Bereich Entwicklung, Content und Marketing. Die&#8230;<\/p>\n","protected":false},"author":1,"featured_media":16660726546661,"parent":0,"menu_order":0,"comment_status":"closed","ping_status":"closed","template":"","meta":{"MSN_Categories":"Uncategorized","MSN_Publish_Option":false,"MSN_Is_Local_News":false,"MSN_Is_AIAC_Included":"Empty","MSN_Location":"[]","MSN_Add_Feature_Img_On_Top_Of_Post":false,"MSN_Has_Custom_Author":false,"MSN_Custom_Author":"","MSN_Has_Custom_Canonical_Url":false,"MSN_Custom_Canonical_Url":"","footnotes":""},"class_list":["post-16660726550650","page","type-page","status-publish","has-post-thumbnail","hentry"],"yoast_head":"<!-- This site is optimized with the Yoast SEO plugin v27.3 - https:\/\/yoast.com\/product\/yoast-seo-wordpress\/ -->\n<title>World of Wonders e-lab - Welt der Wunder<\/title>\n<meta name=\"robots\" content=\"index, follow, max-snippet:-1, max-image-preview:large, max-video-preview:-1\" \/>\n<link rel=\"canonical\" href=\"https:\/\/www.weltderwunder.de\/en\/world-of-wonders-e-lab\/\" \/>\n<meta property=\"og:locale\" content=\"en_US\" \/>\n<meta property=\"og:type\" content=\"article\" \/>\n<meta property=\"og:title\" content=\"World of Wonders e-lab - Welt der Wunder\" \/>\n<meta property=\"og:description\" content=\"Welt der Wunder e-Lab \u2013 ma\u00dfgeschneiderte, skalierbare Dienstleistungen im Bereich Entwicklung, Content und Marketing. Die...\" \/>\n<meta property=\"og:url\" content=\"https:\/\/www.weltderwunder.de\/en\/world-of-wonders-e-lab\/\" \/>\n<meta property=\"og:site_name\" content=\"Welt der Wunder\" \/>\n<meta property=\"article:publisher\" content=\"https:\/\/www.facebook.com\/weltderwunder\/\" \/>\n<meta property=\"article:modified_time\" content=\"2024-04-25T12:14:36+00:00\" \/>\n<meta property=\"og:image\" content=\"https:\/\/www.weltderwunder.de\/wp-content\/uploads\/2023\/07\/welt-der-wunder-e-lab.jpg\" \/>\n\t<meta property=\"og:image:width\" content=\"1920\" \/>\n\t<meta property=\"og:image:height\" content=\"1080\" \/>\n\t<meta property=\"og:image:type\" content=\"image\/jpeg\" \/>\n<meta name=\"twitter:card\" content=\"summary_large_image\" \/>\n<meta name=\"twitter:site\" content=\"@weltderwunder\" \/>\n<script type=\"application\/ld+json\" class=\"yoast-schema-graph\">{\"@context\":\"https:\\\/\\\/schema.org\",\"@graph\":[{\"@type\":\"WebPage\",\"@id\":\"https:\\\/\\\/www.weltderwunder.de\\\/en\\\/world-of-wonders-e-lab\\\/\",\"url\":\"https:\\\/\\\/www.weltderwunder.de\\\/en\\\/world-of-wonders-e-lab\\\/\",\"name\":\"World of Wonders e-lab - Welt der Wunder\",\"isPartOf\":{\"@id\":\"https:\\\/\\\/www.weltderwunder.de\\\/en\\\/#website\"},\"primaryImageOfPage\":{\"@id\":\"https:\\\/\\\/www.weltderwunder.de\\\/en\\\/world-of-wonders-e-lab\\\/#primaryimage\"},\"image\":{\"@id\":\"https:\\\/\\\/www.weltderwunder.de\\\/en\\\/world-of-wonders-e-lab\\\/#primaryimage\"},\"thumbnailUrl\":\"https:\\\/\\\/www.weltderwunder.de\\\/wp-content\\\/uploads\\\/2023\\\/07\\\/welt-der-wunder-e-lab.jpg\",\"datePublished\":\"2023-01-16T09:38:31+00:00\",\"dateModified\":\"2024-04-25T12:14:36+00:00\",\"breadcrumb\":{\"@id\":\"https:\\\/\\\/www.weltderwunder.de\\\/en\\\/world-of-wonders-e-lab\\\/#breadcrumb\"},\"inLanguage\":\"en-US\",\"potentialAction\":[{\"@type\":\"ReadAction\",\"target\":[\"https:\\\/\\\/www.weltderwunder.de\\\/en\\\/world-of-wonders-e-lab\\\/\"]}]},{\"@type\":\"ImageObject\",\"inLanguage\":\"en-US\",\"@id\":\"https:\\\/\\\/www.weltderwunder.de\\\/en\\\/world-of-wonders-e-lab\\\/#primaryimage\",\"url\":\"https:\\\/\\\/www.weltderwunder.de\\\/wp-content\\\/uploads\\\/2023\\\/07\\\/welt-der-wunder-e-lab.jpg\",\"contentUrl\":\"https:\\\/\\\/www.weltderwunder.de\\\/wp-content\\\/uploads\\\/2023\\\/07\\\/welt-der-wunder-e-lab.jpg\",\"width\":1920,\"height\":1080},{\"@type\":\"BreadcrumbList\",\"@id\":\"https:\\\/\\\/www.weltderwunder.de\\\/en\\\/world-of-wonders-e-lab\\\/#breadcrumb\",\"itemListElement\":[{\"@type\":\"ListItem\",\"position\":1,\"name\":\"Startseite\",\"item\":\"https:\\\/\\\/www.weltderwunder.de\\\/en\\\/world-of-miracles-dont-believe-but-know\\\/\"},{\"@type\":\"ListItem\",\"position\":2,\"name\":\"World of Wonders e-lab\"}]},{\"@type\":\"WebSite\",\"@id\":\"https:\\\/\\\/www.weltderwunder.de\\\/en\\\/#website\",\"url\":\"https:\\\/\\\/www.weltderwunder.de\\\/en\\\/\",\"name\":\"Welt der Wunder\",\"description\":\"Nicht glauben, sondern wissen\",\"publisher\":{\"@id\":\"https:\\\/\\\/www.weltderwunder.de\\\/en\\\/#organization\"},\"potentialAction\":[{\"@type\":\"SearchAction\",\"target\":{\"@type\":\"EntryPoint\",\"urlTemplate\":\"https:\\\/\\\/www.weltderwunder.de\\\/en\\\/?s={search_term_string}\"},\"query-input\":{\"@type\":\"PropertyValueSpecification\",\"valueRequired\":true,\"valueName\":\"search_term_string\"}}],\"inLanguage\":\"en-US\"},{\"@type\":\"Organization\",\"@id\":\"https:\\\/\\\/www.weltderwunder.de\\\/en\\\/#organization\",\"name\":\"Welt der Wunder Sendebetrieb GmbH\",\"url\":\"https:\\\/\\\/www.weltderwunder.de\\\/en\\\/\",\"logo\":{\"@type\":\"ImageObject\",\"inLanguage\":\"en-US\",\"@id\":\"https:\\\/\\\/www.weltderwunder.de\\\/en\\\/#\\\/schema\\\/logo\\\/image\\\/\",\"url\":\"https:\\\/\\\/www.weltderwunder.de\\\/wp-content\\\/uploads\\\/2025\\\/01\\\/cropped-wdw4-8_web1.jpg\",\"contentUrl\":\"https:\\\/\\\/www.weltderwunder.de\\\/wp-content\\\/uploads\\\/2025\\\/01\\\/cropped-wdw4-8_web1.jpg\",\"width\":1900,\"height\":1123,\"caption\":\"Welt der Wunder Sendebetrieb GmbH\"},\"image\":{\"@id\":\"https:\\\/\\\/www.weltderwunder.de\\\/en\\\/#\\\/schema\\\/logo\\\/image\\\/\"},\"sameAs\":[\"https:\\\/\\\/www.facebook.com\\\/weltderwunder\\\/\",\"https:\\\/\\\/x.com\\\/weltderwunder\",\"https:\\\/\\\/www.instagram.com\\\/weltderwunder_official\\\/\",\"https:\\\/\\\/www.youtube.com\\\/user\\\/WeltderWunder\"]}]}<\/script>\n<!-- \/ Yoast SEO plugin. -->","yoast_head_json":{"title":"World of Wonders e-lab - Welt der Wunder","robots":{"index":"index","follow":"follow","max-snippet":"max-snippet:-1","max-image-preview":"max-image-preview:large","max-video-preview":"max-video-preview:-1"},"canonical":"https:\/\/www.weltderwunder.de\/en\/world-of-wonders-e-lab\/","og_locale":"en_US","og_type":"article","og_title":"World of Wonders e-lab - Welt der Wunder","og_description":"Welt der Wunder e-Lab \u2013 ma\u00dfgeschneiderte, skalierbare Dienstleistungen im Bereich Entwicklung, Content und Marketing. Die...","og_url":"https:\/\/www.weltderwunder.de\/en\/world-of-wonders-e-lab\/","og_site_name":"Welt der Wunder","article_publisher":"https:\/\/www.facebook.com\/weltderwunder\/","article_modified_time":"2024-04-25T12:14:36+00:00","og_image":[{"width":1920,"height":1080,"url":"https:\/\/www.weltderwunder.de\/wp-content\/uploads\/2023\/07\/welt-der-wunder-e-lab.jpg","type":"image\/jpeg"}],"twitter_card":"summary_large_image","twitter_site":"@weltderwunder","schema":{"@context":"https:\/\/schema.org","@graph":[{"@type":"WebPage","@id":"https:\/\/www.weltderwunder.de\/en\/world-of-wonders-e-lab\/","url":"https:\/\/www.weltderwunder.de\/en\/world-of-wonders-e-lab\/","name":"World of Wonders e-lab - Welt der Wunder","isPartOf":{"@id":"https:\/\/www.weltderwunder.de\/en\/#website"},"primaryImageOfPage":{"@id":"https:\/\/www.weltderwunder.de\/en\/world-of-wonders-e-lab\/#primaryimage"},"image":{"@id":"https:\/\/www.weltderwunder.de\/en\/world-of-wonders-e-lab\/#primaryimage"},"thumbnailUrl":"https:\/\/www.weltderwunder.de\/wp-content\/uploads\/2023\/07\/welt-der-wunder-e-lab.jpg","datePublished":"2023-01-16T09:38:31+00:00","dateModified":"2024-04-25T12:14:36+00:00","breadcrumb":{"@id":"https:\/\/www.weltderwunder.de\/en\/world-of-wonders-e-lab\/#breadcrumb"},"inLanguage":"en-US","potentialAction":[{"@type":"ReadAction","target":["https:\/\/www.weltderwunder.de\/en\/world-of-wonders-e-lab\/"]}]},{"@type":"ImageObject","inLanguage":"en-US","@id":"https:\/\/www.weltderwunder.de\/en\/world-of-wonders-e-lab\/#primaryimage","url":"https:\/\/www.weltderwunder.de\/wp-content\/uploads\/2023\/07\/welt-der-wunder-e-lab.jpg","contentUrl":"https:\/\/www.weltderwunder.de\/wp-content\/uploads\/2023\/07\/welt-der-wunder-e-lab.jpg","width":1920,"height":1080},{"@type":"BreadcrumbList","@id":"https:\/\/www.weltderwunder.de\/en\/world-of-wonders-e-lab\/#breadcrumb","itemListElement":[{"@type":"ListItem","position":1,"name":"Startseite","item":"https:\/\/www.weltderwunder.de\/en\/world-of-miracles-dont-believe-but-know\/"},{"@type":"ListItem","position":2,"name":"World of Wonders e-lab"}]},{"@type":"WebSite","@id":"https:\/\/www.weltderwunder.de\/en\/#website","url":"https:\/\/www.weltderwunder.de\/en\/","name":"Welt der Wunder","description":"Nicht glauben, sondern wissen","publisher":{"@id":"https:\/\/www.weltderwunder.de\/en\/#organization"},"potentialAction":[{"@type":"SearchAction","target":{"@type":"EntryPoint","urlTemplate":"https:\/\/www.weltderwunder.de\/en\/?s={search_term_string}"},"query-input":{"@type":"PropertyValueSpecification","valueRequired":true,"valueName":"search_term_string"}}],"inLanguage":"en-US"},{"@type":"Organization","@id":"https:\/\/www.weltderwunder.de\/en\/#organization","name":"Welt der Wunder Sendebetrieb GmbH","url":"https:\/\/www.weltderwunder.de\/en\/","logo":{"@type":"ImageObject","inLanguage":"en-US","@id":"https:\/\/www.weltderwunder.de\/en\/#\/schema\/logo\/image\/","url":"https:\/\/www.weltderwunder.de\/wp-content\/uploads\/2025\/01\/cropped-wdw4-8_web1.jpg","contentUrl":"https:\/\/www.weltderwunder.de\/wp-content\/uploads\/2025\/01\/cropped-wdw4-8_web1.jpg","width":1900,"height":1123,"caption":"Welt der Wunder Sendebetrieb GmbH"},"image":{"@id":"https:\/\/www.weltderwunder.de\/en\/#\/schema\/logo\/image\/"},"sameAs":["https:\/\/www.facebook.com\/weltderwunder\/","https:\/\/x.com\/weltderwunder","https:\/\/www.instagram.com\/weltderwunder_official\/","https:\/\/www.youtube.com\/user\/WeltderWunder"]}]}},"_links":{"self":[{"href":"https:\/\/www.weltderwunder.de\/en\/wp-json\/wp\/v2\/pages\/16660726550650","targetHints":{"allow":["GET"]}}],"collection":[{"href":"https:\/\/www.weltderwunder.de\/en\/wp-json\/wp\/v2\/pages"}],"about":[{"href":"https:\/\/www.weltderwunder.de\/en\/wp-json\/wp\/v2\/types\/page"}],"author":[{"embeddable":true,"href":"https:\/\/www.weltderwunder.de\/en\/wp-json\/wp\/v2\/users\/1"}],"replies":[{"embeddable":true,"href":"https:\/\/www.weltderwunder.de\/en\/wp-json\/wp\/v2\/comments?post=16660726550650"}],"version-history":[{"count":0,"href":"https:\/\/www.weltderwunder.de\/en\/wp-json\/wp\/v2\/pages\/16660726550650\/revisions"}],"wp:featuredmedia":[{"embeddable":true,"href":"https:\/\/www.weltderwunder.de\/en\/wp-json\/wp\/v2\/media\/16660726546661"}],"wp:attachment":[{"href":"https:\/\/www.weltderwunder.de\/en\/wp-json\/wp\/v2\/media?parent=16660726550650"}],"curies":[{"name":"wp","href":"https:\/\/api.w.org\/{rel}","templated":true}]}}